{"id":17415,"date":"2021-04-08T08:45:48","date_gmt":"2021-04-08T08:45:48","guid":{"rendered":"https:\/\/systemischepraxis-augsburg.de\/wp\/?page_id=17415"},"modified":"2025-04-02T21:31:57","modified_gmt":"2025-04-02T19:31:57","slug":"unsere-leistungen","status":"publish","type":"page","link":"https:\/\/systemischepraxis-augsburg.de\/wp\/unsere-leistungen\/","title":{"rendered":"Unsere Leistungen"},"content":{"rendered":"\t\t<div data-elementor-type=\"wp-page\" data-elementor-id=\"17415\" class=\"elementor elementor-17415\">\n\t\t\t\t\t\t<section class=\"elementor-section elementor-top-section elementor-element elementor-element-4eb6c84 elementor-section-boxed elementor-section-height-default elementor-section-height-default sc_fly_static\" data-id=\"4eb6c84\" data-element_type=\"section\" data-e-type=\"section\">\n\t\t\t\t\t\t<div class=\"elementor-container elementor-column-gap-extended\">\n\t\t\t\t\t<div class=\"elementor-column elementor-col-100 elementor-top-column elementor-element elementor-element-1f2bfc4 sc_content_align_center sc_layouts_column_icons_position_left sc_fly_static\" data-id=\"1f2bfc4\" data-element_type=\"column\" data-e-type=\"column\">\n\t\t\t<div class=\"elementor-widget-wrap elementor-element-populated\">\n\t\t\t\t\t\t<div class=\"elementor-element elementor-element-afaab19 sc_fly_static elementor-widget elementor-widget-spacer\" data-id=\"afaab19\" data-element_type=\"widget\" data-e-type=\"widget\" data-widget_type=\"spacer.default\">\n\t\t\t\t<div class=\"elementor-widget-container\">\n\t\t\t\t\t\t\t<div class=\"elementor-spacer\">\n\t\t\t<div class=\"elementor-spacer-inner\"><\/div>\n\t\t<\/div>\n\t\t\t\t\t\t<\/div>\n\t\t\t\t<\/div>\n\t\t\t\t<div class=\"elementor-element elementor-element-0b06e2b elementor-widget__width-initial elementor-widget-tablet__width-initial sc_fly_static elementor-widget elementor-widget-trx_sc_title\" data-id=\"0b06e2b\" data-element_type=\"widget\" data-e-type=\"widget\" data-widget_type=\"trx_sc_title.default\">\n\t\t\t\t<div class=\"elementor-widget-container\">\n\t\t\t\t\t<div\t\tclass=\"sc_title sc_title_accent\" ><h1 class=\"sc_item_title sc_title_title sc_align_center sc_item_title_style_accent sc_item_title_tag\"\n\t\t\t><span class=\"sc_item_title_text\">Welche Leistungen bieten wir an?<\/span><\/h1><\/div>\t\t\t\t<\/div>\n\t\t\t\t<\/div>\n\t\t\t\t<div class=\"elementor-element elementor-element-be37dd5 sc_fly_static elementor-widget elementor-widget-spacer\" data-id=\"be37dd5\" data-element_type=\"widget\" data-e-type=\"widget\" data-widget_type=\"spacer.default\">\n\t\t\t\t<div class=\"elementor-widget-container\">\n\t\t\t\t\t\t\t<div class=\"elementor-spacer\">\n\t\t\t<div class=\"elementor-spacer-inner\"><\/div>\n\t\t<\/div>\n\t\t\t\t\t\t<\/div>\n\t\t\t\t<\/div>\n\t\t\t\t<section class=\"elementor-section elementor-inner-section elementor-element elementor-element-eb82bcb elementor-section-boxed elementor-section-height-default elementor-section-height-default sc_fly_static\" data-id=\"eb82bcb\" data-element_type=\"section\" data-e-type=\"section\">\n\t\t\t\t\t\t<div class=\"elementor-container elementor-column-gap-extended\">\n\t\t\t\t\t<div class=\"elementor-column elementor-col-25 elementor-inner-column elementor-element elementor-element-1693ce8 sc_content_align_inherit sc_layouts_column_icons_position_left sc_fly_static\" data-id=\"1693ce8\" data-element_type=\"column\" data-e-type=\"column\">\n\t\t\t<div class=\"elementor-widget-wrap elementor-element-populated\">\n\t\t\t\t\t\t<div class=\"elementor-element elementor-element-bd73848 sc_fly_static elementor-widget elementor-widget-spacer\" data-id=\"bd73848\" data-element_type=\"widget\" data-e-type=\"widget\" data-widget_type=\"spacer.default\">\n\t\t\t\t<div class=\"elementor-widget-container\">\n\t\t\t\t\t\t\t<div class=\"elementor-spacer\">\n\t\t\t<div class=\"elementor-spacer-inner\"><\/div>\n\t\t<\/div>\n\t\t\t\t\t\t<\/div>\n\t\t\t\t<\/div>\n\t\t\t\t<div class=\"elementor-element elementor-element-e8a8948 sc_fly_static elementor-widget elementor-widget-trx_sc_icons\" data-id=\"e8a8948\" data-element_type=\"widget\" data-e-type=\"widget\" data-widget_type=\"trx_sc_icons.default\">\n\t\t\t\t<div class=\"elementor-widget-container\">\n\t\t\t\t\t<div \tclass=\"sc_icons sc_icons_modern sc_icons_size_small sc_align_right\" ><div class=\"sc_icons_item sc_icons_item_linked\"><div class=\"sc_icons_icon sc_icon_type_ icon-speech\" ><span class=\"sc_icon_type_ icon-speech\"><\/span><\/div><div class=\"sc_icons_item_details\"><h4 class=\"sc_icons_item_title\"><a href=\"https:\/\/systemischepraxis-augsburg.de\/wp\/beratung\">\r\n                                    Beratung                                    <\/a><\/h4><div class=\"sc_icons_item_description\"><span>Unterst\u00fctzung bei famili\u00e4ren Konflikten, Beziehungsdynamiken und individuellen Herausforderungen, um neue Perspektiven zu entwickeln und nachhaltige L\u00f6sungen zu finden<\/span><\/div><a href=\"https:\/\/systemischepraxis-augsburg.de\/wp\/beratung\"\r\n                        class=\"sc_icons_item_link\">\r\n                        <\/a><\/div><\/div><div class=\"sc_icons_item sc_icons_item_linked\"><div class=\"sc_icons_icon sc_icon_type_ icon-targeting\" ><span class=\"sc_icon_type_ icon-targeting\"><\/span><\/div><div class=\"sc_icons_item_details\"><h4 class=\"sc_icons_item_title\"><a href=\"https:\/\/systemischepraxis-augsburg.de\/wp\/vater-und-maenner-beratung\/\">\r\n                                    Spezielle V\u00e4ter und M\u00e4nner Beratung                                    <\/a><\/h4><div class=\"sc_icons_item_description\"><span>Umfassende und individuelle Unterst\u00fctzung f\u00fcr V\u00e4ter und M\u00e4nner in den Bereichen Familie, Erziehung sowie bei der pers\u00f6nlichen Entwicklung und der Neudefinition ihrer gesellschaftlichen und famili\u00e4ren Rolle.<\/span><\/div><a href=\"https:\/\/systemischepraxis-augsburg.de\/wp\/vater-und-maenner-beratung\/\"\r\n                        class=\"sc_icons_item_link\">\r\n                        <\/a><\/div><\/div><div class=\"sc_icons_item sc_icons_item_linked\"><div class=\"sc_icons_icon sc_icon_type_ icon-heart-empty\" ><span class=\"sc_icon_type_ icon-heart-empty\"><\/span><\/div><div class=\"sc_icons_item_details\"><h4 class=\"sc_icons_item_title\"><a href=\"https:\/\/systemischepraxis-augsburg.de\/wp\/therapie\">\r\n                                    Therapie                                    <\/a><\/h4><div class=\"sc_icons_item_description\"><span>Begleitung in belastenden Lebenssituationen und Umbruchphasen mit einem ressourcenorientierten Ansatz zur F\u00f6rderung von Selbstwirksamkeit und pers\u00f6nlicher Entwicklung.<\/span><\/div><a href=\"https:\/\/systemischepraxis-augsburg.de\/wp\/therapie\"\r\n                        class=\"sc_icons_item_link\">\r\n                        <\/a><\/div><\/div><\/div><!-- \/.sc_icons -->\t\t\t\t<\/div>\n\t\t\t\t<\/div>\n\t\t\t\t\t<\/div>\n\t\t<\/div>\n\t\t\t\t<div class=\"elementor-column elementor-col-50 elementor-inner-column elementor-element elementor-element-fde95f5 sc_content_align_inherit sc_layouts_column_icons_position_left sc_fly_static\" data-id=\"fde95f5\" data-element_type=\"column\" data-e-type=\"column\">\n\t\t\t<div class=\"elementor-widget-wrap elementor-element-populated\">\n\t\t\t\t\t\t<div class=\"elementor-element elementor-element-0673162 sc_fly_static elementor-widget elementor-widget-image\" data-id=\"0673162\" data-element_type=\"widget\" data-e-type=\"widget\" data-widget_type=\"image.default\">\n\t\t\t\t<div class=\"elementor-widget-container\">\n\t\t\t\t\t\t\t\t\t\t\t\t\t\t\t<img fetchpriority=\"high\" decoding=\"async\" width=\"370\" height=\"493\" src=\"https:\/\/systemischepraxis-augsburg.de\/wp\/wp-content\/uploads\/2025\/03\/WhatsApp-Image-2025-03-14-at-12.08.20-PM-370x493.jpeg\" class=\"attachment-trx_addons-thumb-portrait size-trx_addons-thumb-portrait wp-image-22233\" alt=\"\" \/>\t\t\t\t\t\t\t\t\t\t\t\t\t\t\t<\/div>\n\t\t\t\t<\/div>\n\t\t\t\t\t<\/div>\n\t\t<\/div>\n\t\t\t\t<div class=\"elementor-column elementor-col-25 elementor-inner-column elementor-element elementor-element-e3068a3 sc_content_align_inherit sc_layouts_column_icons_position_left sc_fly_static\" data-id=\"e3068a3\" data-element_type=\"column\" data-e-type=\"column\">\n\t\t\t<div class=\"elementor-widget-wrap elementor-element-populated\">\n\t\t\t\t\t\t<div class=\"elementor-element elementor-element-53ce336 sc_fly_static elementor-widget elementor-widget-spacer\" data-id=\"53ce336\" data-element_type=\"widget\" data-e-type=\"widget\" data-widget_type=\"spacer.default\">\n\t\t\t\t<div class=\"elementor-widget-container\">\n\t\t\t\t\t\t\t<div class=\"elementor-spacer\">\n\t\t\t<div class=\"elementor-spacer-inner\"><\/div>\n\t\t<\/div>\n\t\t\t\t\t\t<\/div>\n\t\t\t\t<\/div>\n\t\t\t\t<div class=\"elementor-element elementor-element-30134f0 elementor-widget__width-auto sc_fly_static elementor-widget elementor-widget-trx_sc_icons\" data-id=\"30134f0\" data-element_type=\"widget\" data-e-type=\"widget\" data-widget_type=\"trx_sc_icons.default\">\n\t\t\t\t<div class=\"elementor-widget-container\">\n\t\t\t\t\t<div \tclass=\"sc_icons sc_icons_modern sc_icons_size_small sc_align_left\" ><div class=\"sc_icons_item sc_icons_item_linked\"><div class=\"sc_icons_icon sc_icon_type_ icon-targeting\" ><span class=\"sc_icon_type_ icon-targeting\"><\/span><\/div><div class=\"sc_icons_item_details\"><h4 class=\"sc_icons_item_title\"><a href=\"https:\/\/systemischepraxis-augsburg.de\/wp\/supervision\">\r\n                                    Supervision                                    <\/a><\/h4><div class=\"sc_icons_item_description\"><span>Reflexion beruflicher Herausforderungen, F\u00f6rderung von Handlungskompetenzen und Begleitung von Ver\u00e4nderungprozessen und Einzel-, Team- oder Leitungskontexten.<\/span><\/div><a href=\"https:\/\/systemischepraxis-augsburg.de\/wp\/supervision\"\r\n                        class=\"sc_icons_item_link\">\r\n                        <\/a><\/div><\/div><div class=\"sc_icons_item sc_icons_item_linked\"><div class=\"sc_icons_icon sc_icon_type_ icon-leadership\" ><span class=\"sc_icon_type_ icon-leadership\"><\/span><\/div><div class=\"sc_icons_item_details\"><h4 class=\"sc_icons_item_title\"><a href=\"https:\/\/systemischepraxis-augsburg.de\/wp\/berufliches-und-fuehrungskraefte-coaching\/\">\r\n                                    Berufliches und F\u00fchrungskr\u00e4fte-Coaching                                    <\/a><\/h4><div class=\"sc_icons_item_description\"><span>Kl\u00e4rung beruflicher Ziele, Weiterentwicklung von F\u00fchrungs- und Kommunikationskompetenzen sowie Unterst\u00fctzung bei Ver\u00e4nderungsprozessen und Work-Life-Balance.<\/span><span><\/span><\/div><a href=\"https:\/\/systemischepraxis-augsburg.de\/wp\/berufliches-und-fuehrungskraefte-coaching\/\"\r\n                        class=\"sc_icons_item_link\">\r\n                        <\/a><\/div><\/div><div class=\"sc_icons_item sc_icons_item_linked\"><div class=\"sc_icons_icon sc_icon_type_ icon-tools\" ><span class=\"sc_icon_type_ icon-tools\"><\/span><\/div><div class=\"sc_icons_item_details\"><h4 class=\"sc_icons_item_title\"><a href=\"https:\/\/systemischepraxis-augsburg.de\/wp\/produktive-workshops\/\">\r\n                                    Produktive Workshops                                    <\/a><\/h4><div class=\"sc_icons_item_description\"><span>Interaktive und praxisnahe Workshops zu Themen wie Teamentwicklung, Kommunikation und Ver\u00e4nderungsmanagement \u2013 individuell abgestimmt f\u00fcr nachhaltige Ergebnisse.<\/span><span><\/span><\/div><a href=\"https:\/\/systemischepraxis-augsburg.de\/wp\/produktive-workshops\/\"\r\n                        class=\"sc_icons_item_link\">\r\n                        <\/a><\/div><\/div><\/div><!-- \/.sc_icons -->\t\t\t\t<\/div>\n\t\t\t\t<\/div>\n\t\t\t\t\t<\/div>\n\t\t<\/div>\n\t\t\t\t\t<\/div>\n\t\t<\/section>\n\t\t\t\t<div class=\"elementor-element elementor-element-ac286b0 sc_fly_static elementor-widget elementor-widget-spacer\" data-id=\"ac286b0\" data-element_type=\"widget\" data-e-type=\"widget\" data-widget_type=\"spacer.default\">\n\t\t\t\t<div class=\"elementor-widget-container\">\n\t\t\t\t\t\t\t<div class=\"elementor-spacer\">\n\t\t\t<div class=\"elementor-spacer-inner\"><\/div>\n\t\t<\/div>\n\t\t\t\t\t\t<\/div>\n\t\t\t\t<\/div>\n\t\t\t\t\t<\/div>\n\t\t<\/div>\n\t\t\t\t\t<\/div>\n\t\t<\/section>\n\t\t\t\t<\/div>\n\t\t","protected":false},"excerpt":{"rendered":"<p>Welche Leistungen bieten wir an? Beratung Unterst\u00fctzung bei famili\u00e4ren Konflikten, Beziehungsdynamiken und individuellen Herausforderungen, um neue Perspektiven zu entwickeln und nachhaltige L\u00f6sungen zu finden Spezielle V\u00e4ter und M\u00e4nner Beratung Umfassende&hellip;<\/p>\n","protected":false},"author":1,"featured_media":0,"parent":0,"menu_order":0,"comment_status":"closed","ping_status":"closed","template":"","meta":{"_bbp_topic_count":0,"_bbp_reply_count":0,"_bbp_total_topic_count":0,"_bbp_total_reply_count":0,"_bbp_voice_count":0,"_bbp_anonymous_reply_count":0,"_bbp_topic_count_hidden":0,"_bbp_reply_count_hidden":0,"_bbp_forum_subforum_count":0,"footnotes":""},"class_list":["post-17415","page","type-page","status-publish","hentry"],"_links":{"self":[{"href":"https:\/\/systemischepraxis-augsburg.de\/wp\/wp-json\/wp\/v2\/pages\/17415","targetHints":{"allow":["GET"]}}],"collection":[{"href":"https:\/\/systemischepraxis-augsburg.de\/wp\/wp-json\/wp\/v2\/pages"}],"about":[{"href":"https:\/\/systemischepraxis-augsburg.de\/wp\/wp-json\/wp\/v2\/types\/page"}],"author":[{"embeddable":true,"href":"https:\/\/systemischepraxis-augsburg.de\/wp\/wp-json\/wp\/v2\/users\/1"}],"replies":[{"embeddable":true,"href":"https:\/\/systemischepraxis-augsburg.de\/wp\/wp-json\/wp\/v2\/comments?post=17415"}],"version-history":[{"count":10,"href":"https:\/\/systemischepraxis-augsburg.de\/wp\/wp-json\/wp\/v2\/pages\/17415\/revisions"}],"predecessor-version":[{"id":22404,"href":"https:\/\/systemischepraxis-augsburg.de\/wp\/wp-json\/wp\/v2\/pages\/17415\/revisions\/22404"}],"wp:attachment":[{"href":"https:\/\/systemischepraxis-augsburg.de\/wp\/wp-json\/wp\/v2\/media?parent=17415"}],"curies":[{"name":"wp","href":"https:\/\/api.w.org\/{rel}","templated":true}]}}